{"id":55,"date":"2023-11-07T23:41:15","date_gmt":"2023-11-07T23:41:15","guid":{"rendered":"https:\/\/www.cofradiavirgenperegrina.com\/?page_id=55"},"modified":"2025-12-05T16:03:41","modified_gmt":"2025-12-05T16:03:41","slug":"junta-de-gobierno","status":"publish","type":"page","link":"https:\/\/www.cofradiavirgenperegrina.com\/index.php\/junta-de-gobierno\/","title":{"rendered":"Junta del Gobierno"},"content":{"rendered":"\n<p>Tal y como lo recogen los vigentes Estatutos de la&nbsp;<strong>Cofrad\u00eda de N\u00aa S\u00aa del Refugio, \u00abLa Divina Peregrina\u00bb<\/strong>&nbsp;de Pontevedra, el m\u00e1ximo \u00f3rgano de gobierno de la misma est\u00e1 representada por una&nbsp;<strong>Junta de Gobierno<\/strong>, constitu\u00edda por un m\u00ednimo de 9 miembros. Integrada por un Presidente, un Vice-Presidente, un Secretario, un Tesorero-Contador y 5 vocales, debe velar por el buen cumplimiento de los fines de la Cofrad\u00eda. La pertenencia a la Junta de Gobierno es un derecho que corresponde, por igual, a todos los cofrades, los cuales tiene libertad para aceptar o declinar dicho honor. La duraci\u00f3n del mandato ser\u00e1 de 5 a\u00f1os.<\/p>\n\n\n\n<p>La Junta de Gobierno se re\u00fane de manera ordinaria una vez al mes, y de forma extraordinaria, cuando lo decida el Presidente o la mayor\u00eda de la Junta. En la actualidad y hasta el fin del actual per\u00edodo de gobierno, la Junta de Gobierno est\u00e1 constituida por los siguientes miembros:<\/p>\n\n\n\n<ul class=\"wp-block-list\">\n<li><strong>Presidente:&nbsp;<\/strong>Juan Carlos Aguilar Argenti<\/li>\n\n\n\n<li><strong>Vice-Presidente:&nbsp;<\/strong>Mar\u00eda Luisa Fern\u00e1ndez Rajoy<\/li>\n\n\n\n<li><strong>Secretario:<\/strong> Francisco Javier Campos Couselo<\/li>\n\n\n\n<li><strong>Tesorero-Contador:&nbsp;<\/strong>D. Juan Javier Puig S\u00e1ez.<strong><\/strong><\/li>\n<\/ul>\n\n\n\n<ul class=\"wp-block-list\">\n<li><strong>Rector<\/strong>: D. Javier Porro Mart\u00ednez<br><\/li>\n<\/ul>\n\n\n\n<p>El 17 de Enero de 2015 se designan los siguiente vocales de la junta de Gobierno:<\/p>\n\n\n\n<ul class=\"wp-block-list\">\n<li>Paula Moure Rivera<\/li>\n\n\n\n<li>Manuel Moure V\u00e1zquez<\/li>\n\n\n\n<li>Jose Antonio De Los R\u00edos Pardo<\/li>\n\n\n\n<li>Mar\u00eda del Carmen Fandi\u00f1o Pita<\/li>\n\n\n\n<li>Mar\u00eda Jes\u00fas Prieto Toranzo<\/li>\n\n\n\n<li>Mar\u00eda Asunci\u00f3n Hevia Pardo<\/li>\n<\/ul>\n\n\n\n<p><strong>Junta General<\/strong><\/p>\n\n\n\n<p>Existe una lista de cofrades ordenada por orden de antig\u00fcedad de pertenencia a la Cofrad\u00eda. Dicho orden no podr\u00e1 ser modificado en momento alguno, y cada miembro tiene derecho a conocer el lugar que ocupa en la ordenaci\u00f3n. La totalidad de los cofrades constituyen la&nbsp;<strong>Junta General de la Cofrad\u00eda<\/strong>.<\/p>\n\n\n\n<p>A dicha Junta General le corresponde la facultad de designar, por mayor\u00eda de votos, al Presidente, Vice-Presidente, Secretario y al Tesorero-Contador, debiendo ser confirmados por el Ordinario del lugar. En virtud de las atribuciones que los Estatutos otorgan al Presidente, \u00e9ste, junto con el Rector -el cual tiene voz pero no voto-, deber\u00e1 elegir a los 5 vocales de entre todos los cofrades que considere m\u00e1s preparados y dispuestos para asumir las diversas responsabilidades dentro de la Cofrad\u00eda. Todos estos cargos deber\u00e1n recaer en cofrades que se distingan por su inter\u00e9s en la Cofrad\u00eda y en sus fines, siendo relalizada la elecci\u00f3n de los mismos siempre en el \u00faltimo trimestre del mandato de la Junta, en&nbsp;<strong>Asamblea General<\/strong>.<\/p>\n","protected":false},"excerpt":{"rendered":"<p>Tal y como lo recogen los vigentes Estatutos de la&nbsp;Cofrad\u00eda de N\u00aa S\u00aa del Refugio, \u00abLa Divina Peregrina\u00bb&nbsp;de Pontevedra, el m\u00e1ximo \u00f3rgano de gobierno de la misma est\u00e1 representada por una&nbsp;Junta de Gobierno, constitu\u00edda por un m\u00ednimo de 9 miembros. Integrada por un Presidente, un Vice-Presidente, un Secretario, un Tesorero-Contador y 5 vocales, debe velar&#8230;<\/p>\n","protected":false},"author":1,"featured_media":0,"parent":0,"menu_order":0,"comment_status":"closed","ping_status":"closed","template":"","meta":{"footnotes":""},"class_list":["post-55","page","type-page","status-publish","hentry"],"_links":{"self":[{"href":"https:\/\/www.cofradiavirgenperegrina.com\/index.php\/wp-json\/wp\/v2\/pages\/55","targetHints":{"allow":["GET"]}}],"collection":[{"href":"https:\/\/www.cofradiavirgenperegrina.com\/index.php\/wp-json\/wp\/v2\/pages"}],"about":[{"href":"https:\/\/www.cofradiavirgenperegrina.com\/index.php\/wp-json\/wp\/v2\/types\/page"}],"author":[{"embeddable":true,"href":"https:\/\/www.cofradiavirgenperegrina.com\/index.php\/wp-json\/wp\/v2\/users\/1"}],"replies":[{"embeddable":true,"href":"https:\/\/www.cofradiavirgenperegrina.com\/index.php\/wp-json\/wp\/v2\/comments?post=55"}],"version-history":[{"count":8,"href":"https:\/\/www.cofradiavirgenperegrina.com\/index.php\/wp-json\/wp\/v2\/pages\/55\/revisions"}],"predecessor-version":[{"id":559,"href":"https:\/\/www.cofradiavirgenperegrina.com\/index.php\/wp-json\/wp\/v2\/pages\/55\/revisions\/559"}],"wp:attachment":[{"href":"https:\/\/www.cofradiavirgenperegrina.com\/index.php\/wp-json\/wp\/v2\/media?parent=55"}],"curies":[{"name":"wp","href":"https:\/\/api.w.org\/{rel}","templated":true}]}}