{"id":57,"date":"2023-11-07T23:42:18","date_gmt":"2023-11-07T23:42:18","guid":{"rendered":"https:\/\/www.cofradiavirgenperegrina.com\/?page_id=57"},"modified":"2023-11-07T23:42:18","modified_gmt":"2023-11-07T23:42:18","slug":"cofrades","status":"publish","type":"page","link":"https:\/\/www.cofradiavirgenperegrina.com\/index.php\/cofrades\/","title":{"rendered":"Cofrades"},"content":{"rendered":"\n<h3 class=\"wp-block-heading\"><strong>Deberes y obligaciones de los cofrades<\/strong><\/h3>\n\n\n\n<p>En la actualidad, el n\u00famero de cofrades y de aspirantes, entre hombres y mujeres, superan los 600 miembros, como se puede apreciar en la siguiente tabla:<\/p>\n\n\n\n<figure class=\"wp-block-table\"><table><tbody><tr><td>&nbsp;<\/td><td><strong>Cofrades<\/strong><\/td><td><strong>Aspirantes<\/strong><\/td><td><strong>TOTAL<\/strong><\/td><\/tr><tr><td><strong>Hombres<\/strong><\/td><td>224<\/td><td>65<\/td><td>289<\/td><\/tr><tr><td><strong>Mujeres<\/strong><\/td><td>251<\/td><td>101<\/td><td>352<\/td><\/tr><tr><td><strong>TOTAL<\/strong><\/td><td><strong>475<\/strong><\/td><td><strong>166<\/strong><\/td><td><strong>641<\/strong><\/td><\/tr><\/tbody><\/table><\/figure>\n\n\n\n<p><strong>Obligaciones<\/strong><\/p>\n\n\n\n<p>Las cofrad\u00edas son asociaciones creadas por la Iglesia, y est\u00e1n bajo la tutela, direcci\u00f3n y control de \u00e9sta. Por ello, adem\u00e1s de las obligaciones como cualquier otro creyente practicante, los cofrades tienen obligaciones acrecentadas.<\/p>\n\n\n\n<p>As\u00ed, por ejemplo, deben asumir con esp\u00edritu misionero los compromisos apost\u00f3licos, sociales y caritativos que en el campo familiar, profesional y social debe desarrollar un cat\u00f3lico consciente, siempre dentro de la pastoral diocesana y parroquial. Al mismo tiempo, es natural esperar que profundice su formaci\u00f3n cristiana de manera que responda a las necesidades actuales y a la necesaria integridad de fe y costumbres, fomentando el esp\u00edritu de conversi\u00f3n personal y una vida cristiana m\u00e1s profunda.<\/p>\n\n\n\n<p>Los cofrades deben distinguirse por su devoci\u00f3n a N\u00aa S\u00aa del Refugio, La Divina Peregrina, y obviamente por su clara adhesi\u00f3n a la fe cat\u00f3lica y al magisterio de la Iglesia que la interpreta y la proclama empe\u00f1\u00e1ndose en realizar una \u00edntima unidad entre su fe cristiana y su vida.<\/p>\n\n\n\n<p><strong>Deberes<\/strong><\/p>\n\n\n\n<p>Son deberes de los cofrades los siguientes:<\/p>\n\n\n\n<ul class=\"wp-block-list\">\n<li>Participar en los cultos que organice la Cofrad\u00eda, tanto de car\u00e1cter peri\u00f3dico como eventual.<\/li>\n\n\n\n<li>Asistir a las Asambleas Generales.<\/li>\n\n\n\n<li>Aceptar los cargos para los que sean elegidos, salvo razones objetivas que a juicio de la Junta justifiquen lo contrario.<\/li>\n\n\n\n<li>Asistir con regularidad a las sesiones de formaci\u00f3n que sean programadas.<\/li>\n\n\n\n<li>Participar en las actividades de tipo caritativo o apost\u00f3lico que organice la Cofrad\u00eda, de acuerdo con sus propios fines.<\/li>\n\n\n\n<li>Seguir, secundar y defender las directrices emanadas de la autoridad eclesi\u00e1stica competente.<\/li>\n\n\n\n<li>Colaborar activamente en la pastoral parroquial y diocesana siguiendo las directrices del P\u00e1rroco y del Obispo.<\/li>\n\n\n\n<li>Abonar las cuotas correspondientes.<\/li>\n\n\n\n<li>Cultivar a nivel personal y familiar la piedad cristiana y las devociones propias de la Cofrad\u00eda, y en especial, a N\u00aa S\u00aa del Refugio, La Divina Peregrina.<\/li>\n<\/ul>\n","protected":false},"excerpt":{"rendered":"<p>Deberes y obligaciones de los cofrades En la actualidad, el n\u00famero de cofrades y de aspirantes, entre hombres y mujeres, superan los 600 miembros, como se puede apreciar en la siguiente tabla: &nbsp; Cofrades Aspirantes TOTAL Hombres 224 65 289 Mujeres 251 101 352 TOTAL 475 166 641 Obligaciones Las cofrad\u00edas son asociaciones creadas por&#8230;<\/p>\n","protected":false},"author":1,"featured_media":0,"parent":0,"menu_order":0,"comment_status":"closed","ping_status":"closed","template":"","meta":{"footnotes":""},"class_list":["post-57","page","type-page","status-publish","hentry"],"_links":{"self":[{"href":"https:\/\/www.cofradiavirgenperegrina.com\/index.php\/wp-json\/wp\/v2\/pages\/57","targetHints":{"allow":["GET"]}}],"collection":[{"href":"https:\/\/www.cofradiavirgenperegrina.com\/index.php\/wp-json\/wp\/v2\/pages"}],"about":[{"href":"https:\/\/www.cofradiavirgenperegrina.com\/index.php\/wp-json\/wp\/v2\/types\/page"}],"author":[{"embeddable":true,"href":"https:\/\/www.cofradiavirgenperegrina.com\/index.php\/wp-json\/wp\/v2\/users\/1"}],"replies":[{"embeddable":true,"href":"https:\/\/www.cofradiavirgenperegrina.com\/index.php\/wp-json\/wp\/v2\/comments?post=57"}],"version-history":[{"count":1,"href":"https:\/\/www.cofradiavirgenperegrina.com\/index.php\/wp-json\/wp\/v2\/pages\/57\/revisions"}],"predecessor-version":[{"id":58,"href":"https:\/\/www.cofradiavirgenperegrina.com\/index.php\/wp-json\/wp\/v2\/pages\/57\/revisions\/58"}],"wp:attachment":[{"href":"https:\/\/www.cofradiavirgenperegrina.com\/index.php\/wp-json\/wp\/v2\/media?parent=57"}],"curies":[{"name":"wp","href":"https:\/\/api.w.org\/{rel}","templated":true}]}}